{"id":11,"date":"2025-04-30T10:48:58","date_gmt":"2025-04-30T10:48:58","guid":{"rendered":"https:\/\/rachebutzer.de\/?page_id=11"},"modified":"2025-04-30T10:48:58","modified_gmt":"2025-04-30T10:48:58","slug":"die-inoffizielle-kolumne-der-schoenen-stadt-am-rhein","status":"publish","type":"page","link":"https:\/\/rachebutzer.de\/","title":{"rendered":"Die inoffizielle Kolumne der sch\u00f6nen Stadt am Rhein"},"content":{"rendered":"\n<p>Der Mangel an Beobachtung des Treiben ist nicht gerechtfertigt. Vermutlich dem Konsum des weltber\u00fchmten Weines geschuldet und nach dessen Konsum nicht mehr viel Zeit f\u00fcr Reflektionen l\u00e4sst, geschuldet, besch\u00e4ftigt sich die Meenzer Mick mit Knerzjer des Mainzer Alltags. <\/p>\n\n\n\n<p>Jede Woche erscheint ein weiteres Knerzje, hart zu Bei\u00dfen und spaltend im Inhalt. Quasi alles, was von der Woche noch \u00fcbrig blieb. <\/p>\n","protected":false},"excerpt":{"rendered":"<p>Der Mangel an Beobachtung des Treiben ist nicht gerechtfertigt. Vermutlich dem Konsum des weltber\u00fchmten Weines geschuldet und nach dessen Konsum nicht mehr viel Zeit f\u00fcr Reflektionen l\u00e4sst, geschuldet, besch\u00e4ftigt sich die Meenzer Mick mit Knerzjer des Mainzer Alltags. Jede Woche erscheint ein weiteres Knerzje, hart zu Bei\u00dfen und spaltend im Inhalt. Quasi alles, was von &hellip; <\/p>\n<p class=\"link-more\"><a href=\"https:\/\/rachebutzer.de\/\" class=\"more-link\"><span class=\"screen-reader-text\">\u201eDie inoffizielle Kolumne der sch\u00f6nen Stadt am Rhein\u201c<\/span> weiterlesen<\/a><\/p>\n","protected":false},"author":1,"featured_media":0,"parent":0,"menu_order":0,"comment_status":"closed","ping_status":"closed","template":"","meta":{"footnotes":""},"class_list":["post-11","page","type-page","status-publish","hentry"],"_links":{"self":[{"href":"https:\/\/rachebutzer.de\/index.php?rest_route=\/wp\/v2\/pages\/11","targetHints":{"allow":["GET"]}}],"collection":[{"href":"https:\/\/rachebutzer.de\/index.php?rest_route=\/wp\/v2\/pages"}],"about":[{"href":"https:\/\/rachebutzer.de\/index.php?rest_route=\/wp\/v2\/types\/page"}],"author":[{"embeddable":true,"href":"https:\/\/rachebutzer.de\/index.php?rest_route=\/wp\/v2\/users\/1"}],"replies":[{"embeddable":true,"href":"https:\/\/rachebutzer.de\/index.php?rest_route=%2Fwp%2Fv2%2Fcomments&post=11"}],"version-history":[{"count":1,"href":"https:\/\/rachebutzer.de\/index.php?rest_route=\/wp\/v2\/pages\/11\/revisions"}],"predecessor-version":[{"id":20,"href":"https:\/\/rachebutzer.de\/index.php?rest_route=\/wp\/v2\/pages\/11\/revisions\/20"}],"wp:attachment":[{"href":"https:\/\/rachebutzer.de\/index.php?rest_route=%2Fwp%2Fv2%2Fmedia&parent=11"}],"curies":[{"name":"wp","href":"https:\/\/api.w.org\/{rel}","templated":true}]}}